{"id":326,"date":"2024-03-23T14:18:59","date_gmt":"2024-03-23T13:18:59","guid":{"rendered":"https:\/\/www.jbrel94.fr\/ciel\/?page_id=326"},"modified":"2024-03-23T14:20:08","modified_gmt":"2024-03-23T13:20:08","slug":"grille-pfmp-2tne-en-lien-avec-ciel","status":"publish","type":"page","link":"https:\/\/www.jbrel94.fr\/ciel\/grille-pfmp-2tne-en-lien-avec-ciel\/","title":{"rendered":"Grille 2TNE en lien avec CIEL"},"content":{"rendered":"\n<p>Toutes les entreprises en lien avec L&rsquo;informatique, \u00c9lectronique, Cybers\u00e9curit\u00e9, Domotique, &#8230;<\/p>\n\n\n\n<div data-wp-interactive=\"core\/file\" class=\"wp-block-file\"><object data-wp-bind--hidden=\"!state.hasPdfPreview\" hidden class=\"wp-block-file__embed\" data=\"https:\/\/www.jbrel94.fr\/ciel\/wp-content\/uploads\/2024\/03\/Grille-evaluation-PFMP_TNE-CIEL.pdf\" type=\"application\/pdf\" style=\"width:100%;height:600px\" aria-label=\"Contenu embarqu\u00e9 Grille-evaluation-PFMP_TNE-CIEL.\"><\/object><a id=\"wp-block-file--media-753373ce-7b02-4fb6-a374-d61e62d587f1\" href=\"https:\/\/www.jbrel94.fr\/ciel\/wp-content\/uploads\/2024\/03\/Grille-evaluation-PFMP_TNE-CIEL.pdf\">Grille-evaluation-PFMP_TNE-CIEL<\/a><a href=\"https:\/\/www.jbrel94.fr\/ciel\/wp-content\/uploads\/2024\/03\/Grille-evaluation-PFMP_TNE-CIEL.pdf\" class=\"wp-block-file__button wp-element-button\" download aria-describedby=\"wp-block-file--media-753373ce-7b02-4fb6-a374-d61e62d587f1\">T\u00e9l\u00e9charger<\/a><\/div>\n","protected":false},"excerpt":{"rendered":"<p class=\"text-justify mb-2\" >Toutes les entreprises en lien avec L&rsquo;informatique, \u00c9lectronique, Cybers\u00e9curit\u00e9, Domotique, &#8230;<\/p>\n","protected":false},"author":1,"featured_media":0,"parent":0,"menu_order":0,"comment_status":"closed","ping_status":"closed","template":"","meta":{"footnotes":""},"class_list":["post-326","page","type-page","status-publish","hentry"],"_links":{"self":[{"href":"https:\/\/www.jbrel94.fr\/ciel\/wp-json\/wp\/v2\/pages\/326","targetHints":{"allow":["GET"]}}],"collection":[{"href":"https:\/\/www.jbrel94.fr\/ciel\/wp-json\/wp\/v2\/pages"}],"about":[{"href":"https:\/\/www.jbrel94.fr\/ciel\/wp-json\/wp\/v2\/types\/page"}],"author":[{"embeddable":true,"href":"https:\/\/www.jbrel94.fr\/ciel\/wp-json\/wp\/v2\/users\/1"}],"replies":[{"embeddable":true,"href":"https:\/\/www.jbrel94.fr\/ciel\/wp-json\/wp\/v2\/comments?post=326"}],"version-history":[{"count":2,"href":"https:\/\/www.jbrel94.fr\/ciel\/wp-json\/wp\/v2\/pages\/326\/revisions"}],"predecessor-version":[{"id":330,"href":"https:\/\/www.jbrel94.fr\/ciel\/wp-json\/wp\/v2\/pages\/326\/revisions\/330"}],"wp:attachment":[{"href":"https:\/\/www.jbrel94.fr\/ciel\/wp-json\/wp\/v2\/media?parent=326"}],"curies":[{"name":"wp","href":"https:\/\/api.w.org\/{rel}","templated":true}]}}