{"id":473,"date":"2025-05-28T16:56:36","date_gmt":"2025-05-28T14:56:36","guid":{"rendered":"https:\/\/www.jbrel94.fr\/ciel\/?page_id=473"},"modified":"2025-05-28T18:06:55","modified_gmt":"2025-05-28T16:06:55","slug":"module_post_bac","status":"publish","type":"page","link":"https:\/\/www.jbrel94.fr\/ciel\/module_post_bac\/","title":{"rendered":"Parcours Y"},"content":{"rendered":"\n<h2 class=\"wp-block-heading\"><i class=\"fas fa-pencil-alt\"> <\/i><span>Le parcours diff\u00e9renci\u00e9 en terminale professionnelle<\/h2>\n\n\n\n<p><\/p>\n\n\n\n<p><strong>En classe de terminale, l\u2019\u00e9l\u00e8ve finalise les d\u00e9marches initi\u00e9es<\/strong>. Dans la perspective de son projet post baccalaur\u00e9at, il choisira&nbsp;:<\/p>\n\n\n\n<ul class=\"wp-block-list\">\n<li>soit le parcours de pr\u00e9paration \u00e0 l\u2019insertion professionnelle&nbsp;;<\/li>\n\n\n\n<li>soit le parcours pr\u00e9paration \u00e0 la poursuite d\u2019\u00e9tudes dans l\u2019enseignement sup\u00e9rieur.&nbsp;<\/li>\n<\/ul>\n\n\n\n<h2 class=\"wp-block-heading\" id=\"summary-item-0\"><i class=\"fas fa-pencil-alt\"> <\/i><span>Objectifs du parcours diff\u00e9renci\u00e9<\/h2>\n\n\n\n<p>Les parcours de&nbsp;<strong>pr\u00e9paration \u00e0 l\u2019insertion professionnelle<\/strong>&nbsp;et de&nbsp;<strong>pr\u00e9paration \u00e0 la poursuite d\u2019\u00e9tudes<\/strong>&nbsp;sup\u00e9rieures ont pour buts&nbsp;:<\/p>\n\n\n\n<ul class=\"wp-block-list\">\n<li>De renforcer l\u2019employabilit\u00e9 des \u00e9l\u00e8ves souhaitant s\u2019ins\u00e9rer directement apr\u00e8s le baccalaur\u00e9at professionnel et ainsi d\u2019am\u00e9liorer les taux d\u2019acc\u00e8s \u00e0 l\u2019emploi&nbsp;;<\/li>\n\n\n\n<li>De mieux pr\u00e9parer les \u00e9l\u00e8ves souhaitant poursuivre leurs \u00e9tudes et d\u2019am\u00e9liorer leur r\u00e9ussite.&nbsp;<\/li>\n<\/ul>\n\n\n\n<p><a href=\"https:\/\/eduscol.education.fr\/3215\/le-parcours-differencie-en-terminale-professionnelle\" target=\"_blank\" rel=\"noreferrer noopener\">Lire la suite :<\/a><\/p>\n\n\n\n<p><a href=\"https:\/\/eduscol.education.fr\/3215\/le-parcours-differencie-en-terminale-professionnelle\">Le parcours diff\u00e9renci\u00e9 en terminale professionnelle | \u00e9duscol | Minist\u00e8re de l\u2019\u00c9ducation Nationale, de l\u2019Enseignement sup\u00e9rieur et de la Recherche | Dgesco<\/a><\/p>\n\n\n\n<p>Document_appui_mise_en_oeuvre_des_deux_parcours_differencies_-baccalaureat_professionnel: <\/p>\n\n\n\n<div data-wp-interactive=\"core\/file\" class=\"wp-block-file\"><object data-wp-bind--hidden=\"!state.hasPdfPreview\" hidden class=\"wp-block-file__embed\" data=\"https:\/\/www.jbrel94.fr\/ciel\/wp-content\/uploads\/2025\/05\/document_appui_mise_en_oeuvre_des_deux_parcours_differencies_-baccalaureat_professionnel.pdf\" type=\"application\/pdf\" style=\"width:100%;height:600px\" aria-label=\"Contenu embarqu\u00e9 document_appui_mise_en_oeuvre_des_deux_parcours_differencies_-baccalaureat_professionnel.\"><\/object><a id=\"wp-block-file--media-2e964146-cf8e-4fd4-a5be-3bbdad2ef1d4\" href=\"https:\/\/www.jbrel94.fr\/ciel\/wp-content\/uploads\/2025\/05\/document_appui_mise_en_oeuvre_des_deux_parcours_differencies_-baccalaureat_professionnel.pdf\">document_appui_mise_en_oeuvre_des_deux_parcours_differencies_-baccalaureat_professionnel<\/a><a href=\"https:\/\/www.jbrel94.fr\/ciel\/wp-content\/uploads\/2025\/05\/document_appui_mise_en_oeuvre_des_deux_parcours_differencies_-baccalaureat_professionnel.pdf\" class=\"wp-block-file__button wp-element-button\" download aria-describedby=\"wp-block-file--media-2e964146-cf8e-4fd4-a5be-3bbdad2ef1d4\">T\u00e9l\u00e9charger<\/a><\/div>\n\n\n\n<p><strong>Module de pr\u00e9paration \u00e0 la poursuite d&rsquo;\u00e9tudes : <\/strong><\/p>\n\n\n\n<div data-wp-interactive=\"core\/file\" class=\"wp-block-file\"><object data-wp-bind--hidden=\"!state.hasPdfPreview\" hidden class=\"wp-block-file__embed\" data=\"https:\/\/www.jbrel94.fr\/ciel\/wp-content\/uploads\/2025\/05\/Module-de-preparation-a-la-poursuite-detudes.pdf\" type=\"application\/pdf\" style=\"width:100%;height:600px\" aria-label=\"Contenu embarqu\u00e9 Module de pr\u00e9paration \u00e0 la poursuite d&apos;\u00e9tudes.\"><\/object><a id=\"wp-block-file--media-79b211de-8ba1-4015-8853-1ffc840c9ab5\" href=\"https:\/\/www.jbrel94.fr\/ciel\/wp-content\/uploads\/2025\/05\/Module-de-preparation-a-la-poursuite-detudes.pdf\">Module de pr\u00e9paration \u00e0 la poursuite d&rsquo;\u00e9tudes<\/a><a href=\"https:\/\/www.jbrel94.fr\/ciel\/wp-content\/uploads\/2025\/05\/Module-de-preparation-a-la-poursuite-detudes.pdf\" class=\"wp-block-file__button wp-element-button\" download aria-describedby=\"wp-block-file--media-79b211de-8ba1-4015-8853-1ffc840c9ab5\">T\u00e9l\u00e9charger<\/a><\/div>\n\n\n\n<div data-wp-interactive=\"core\/file\" class=\"wp-block-file\"><object data-wp-bind--hidden=\"!state.hasPdfPreview\" hidden class=\"wp-block-file__embed\" data=\"https:\/\/www.jbrel94.fr\/ciel\/wp-content\/uploads\/2025\/05\/Attendus-EP-ET-en-BTS-CIEL.pdf\" type=\"application\/pdf\" style=\"width:100%;height:600px\" aria-label=\"Contenu embarqu\u00e9 Attendus-EP-ET-en-BTS-CIEL.\"><\/object><a id=\"wp-block-file--media-e773126c-5f23-4cf0-aab5-69a466f73129\" href=\"https:\/\/www.jbrel94.fr\/ciel\/wp-content\/uploads\/2025\/05\/Attendus-EP-ET-en-BTS-CIEL.pdf\">Attendus-EP-ET-en-BTS-CIEL<\/a><a href=\"https:\/\/www.jbrel94.fr\/ciel\/wp-content\/uploads\/2025\/05\/Attendus-EP-ET-en-BTS-CIEL.pdf\" class=\"wp-block-file__button wp-element-button\" download aria-describedby=\"wp-block-file--media-e773126c-5f23-4cf0-aab5-69a466f73129\">T\u00e9l\u00e9charger<\/a><\/div>\n\n\n\n<div data-wp-interactive=\"core\/file\" class=\"wp-block-file\"><object data-wp-bind--hidden=\"!state.hasPdfPreview\" hidden class=\"wp-block-file__embed\" data=\"https:\/\/www.jbrel94.fr\/ciel\/wp-content\/uploads\/2025\/05\/Attendus-EG-en-BTS-Maths.pdf\" type=\"application\/pdf\" style=\"width:100%;height:600px\" aria-label=\"Contenu embarqu\u00e9 Attendus-en-BTS-Maths.\"><\/object><a id=\"wp-block-file--media-e50a9d65-d10c-473d-91bb-58b65b2835b0\" href=\"https:\/\/www.jbrel94.fr\/ciel\/wp-content\/uploads\/2025\/05\/Attendus-EG-en-BTS-Maths.pdf\">Attendus-en-BTS-Maths<\/a><a href=\"https:\/\/www.jbrel94.fr\/ciel\/wp-content\/uploads\/2025\/05\/Attendus-EG-en-BTS-Maths.pdf\" class=\"wp-block-file__button wp-element-button\" download aria-describedby=\"wp-block-file--media-e50a9d65-d10c-473d-91bb-58b65b2835b0\">T\u00e9l\u00e9charger<\/a><\/div>\n\n\n\n<div data-wp-interactive=\"core\/file\" class=\"wp-block-file\"><object data-wp-bind--hidden=\"!state.hasPdfPreview\" hidden class=\"wp-block-file__embed\" data=\"https:\/\/www.jbrel94.fr\/ciel\/wp-content\/uploads\/2025\/05\/Attendus-BTS-Eco-Gestion.pdf\" type=\"application\/pdf\" style=\"width:100%;height:600px\" aria-label=\"Contenu embarqu\u00e9 Attendus-en-BTS-Eco-Gestion.\"><\/object><a id=\"wp-block-file--media-19ea74b1-8104-4997-a133-55aa28ee0e77\" href=\"https:\/\/www.jbrel94.fr\/ciel\/wp-content\/uploads\/2025\/05\/Attendus-BTS-Eco-Gestion.pdf\">Attendus-en-BTS-Eco-Gestion<\/a><a href=\"https:\/\/www.jbrel94.fr\/ciel\/wp-content\/uploads\/2025\/05\/Attendus-BTS-Eco-Gestion.pdf\" class=\"wp-block-file__button wp-element-button\" download aria-describedby=\"wp-block-file--media-19ea74b1-8104-4997-a133-55aa28ee0e77\">T\u00e9l\u00e9charger<\/a><\/div>\n\n\n\n<p><strong>Module de pr\u00e9paration \u00e0 l\u2019insertion professionnelle<\/strong><br><\/p>\n\n\n\n<div data-wp-interactive=\"core\/file\" class=\"wp-block-file\"><object data-wp-bind--hidden=\"!state.hasPdfPreview\" hidden class=\"wp-block-file__embed\" data=\"https:\/\/www.jbrel94.fr\/ciel\/wp-content\/uploads\/2025\/05\/Module-de-preparation-a-linsertion-professionnelle.pdf\" type=\"application\/pdf\" style=\"width:100%;height:600px\" aria-label=\"Contenu embarqu\u00e9 Module de pr\u00e9paration \u00e0 l&apos;insertion professionnelle.\"><\/object><a id=\"wp-block-file--media-4d31aa12-d527-4c0d-bfd7-d2c8f24a89dd\" href=\"https:\/\/www.jbrel94.fr\/ciel\/wp-content\/uploads\/2025\/05\/Module-de-preparation-a-linsertion-professionnelle.pdf\">Module de pr\u00e9paration \u00e0 l&rsquo;insertion professionnelle<\/a><a href=\"https:\/\/www.jbrel94.fr\/ciel\/wp-content\/uploads\/2025\/05\/Module-de-preparation-a-linsertion-professionnelle.pdf\" class=\"wp-block-file__button wp-element-button\" download aria-describedby=\"wp-block-file--media-4d31aa12-d527-4c0d-bfd7-d2c8f24a89dd\">T\u00e9l\u00e9charger<\/a><\/div>\n","protected":false},"excerpt":{"rendered":"<p class=\"text-justify mb-2\" >Le parcours diff\u00e9renci\u00e9 en terminale professionnelle En classe de terminale, l\u2019\u00e9l\u00e8ve finalise les d\u00e9marches initi\u00e9es. Dans la perspective de son projet post baccalaur\u00e9at, il choisira&nbsp;: Objectifs du parcours diff\u00e9renci\u00e9 Les parcours de&nbsp;pr\u00e9paration \u00e0 l\u2019insertion professionnelle&nbsp;et de&nbsp;pr\u00e9paration \u00e0 la poursuite d\u2019\u00e9tudes&nbsp;sup\u00e9rieures ont pour buts&nbsp;: Lire la [&hellip;]<\/p>\n","protected":false},"author":1,"featured_media":0,"parent":0,"menu_order":0,"comment_status":"closed","ping_status":"closed","template":"","meta":{"footnotes":""},"class_list":["post-473","page","type-page","status-publish","hentry"],"_links":{"self":[{"href":"https:\/\/www.jbrel94.fr\/ciel\/wp-json\/wp\/v2\/pages\/473","targetHints":{"allow":["GET"]}}],"collection":[{"href":"https:\/\/www.jbrel94.fr\/ciel\/wp-json\/wp\/v2\/pages"}],"about":[{"href":"https:\/\/www.jbrel94.fr\/ciel\/wp-json\/wp\/v2\/types\/page"}],"author":[{"embeddable":true,"href":"https:\/\/www.jbrel94.fr\/ciel\/wp-json\/wp\/v2\/users\/1"}],"replies":[{"embeddable":true,"href":"https:\/\/www.jbrel94.fr\/ciel\/wp-json\/wp\/v2\/comments?post=473"}],"version-history":[{"count":6,"href":"https:\/\/www.jbrel94.fr\/ciel\/wp-json\/wp\/v2\/pages\/473\/revisions"}],"predecessor-version":[{"id":507,"href":"https:\/\/www.jbrel94.fr\/ciel\/wp-json\/wp\/v2\/pages\/473\/revisions\/507"}],"wp:attachment":[{"href":"https:\/\/www.jbrel94.fr\/ciel\/wp-json\/wp\/v2\/media?parent=473"}],"curies":[{"name":"wp","href":"https:\/\/api.w.org\/{rel}","templated":true}]}}