{"id":58,"date":"2021-01-25T21:28:48","date_gmt":"2021-01-25T20:28:48","guid":{"rendered":"http:\/\/localhost\/jbrel94\/?page_id=58"},"modified":"2021-01-26T21:13:09","modified_gmt":"2021-01-26T20:13:09","slug":"lycee-equipes","status":"publish","type":"page","link":"https:\/\/www.jbrel94.fr\/old\/lycee-equipes\/","title":{"rendered":"Lyc\u00e9e : Equipes"},"content":{"rendered":"\n<p><strong>Direction<\/strong><br>Proviseure : Mme M. Azran<br>Proviseure adjointe : Mme J. HAMART<br>Secr\u00e9tariat des proviseurs : Mme M-J HELDERAL<br><br><strong>Intendance<\/strong><br>Agent Comptable- Lyc\u00e9e L\u00e9on BLUM \u00c3&nbsp; Cr\u00e9teil : Mr E. ANDRE<br>Gestionnaire : M. P. VION<br>Gestionnaire adjoint : M. M. LOZANO<br><br><strong>Enseignement Professionnel<\/strong><br>DDFPT : M. M. MEGLOULI<br>DDFPT Adjoint : M. J-L. GARNIER<br><br><strong>Vie Scolaire<\/strong><br>CPE : M. A. ARBOUCHE . Mme A. CHIRLIAS<br><br><strong>Personnels Techniques, Ouvriers, Accueil et Entretien<\/strong><br>Maitre Ouvrier Maintenance : Mr A. FRACHOT<br>Maintenance Locaux et Mat\u00e9riels : Mr E. CORNIL<\/p>\n\n\n\n<p>Magasinier : Mr C. SOSSOU<br>Accueil : Mme M. QUIABA<br>Agents d&rsquo;Accueil et de Service : Mme S. FRANCOIS, Mr D. FINAZZI, Mme M-N JOAB, Mme M. LAZAR, Mme S. ROBIN, Mme P. MPOSA NDOMBASI Mme S. FRANCOIS<br>Agent de cuisine : Mme C. BERNARD<br>Chef de cuisine : Mme N. DULOU<br><br><strong>Sant\u00e9<\/strong><br>Infirmi\u00e8re : Mme S. FERROUK<br>M\u00e9decin scolaire : Mme S. IRANI<br><br><strong>Service Social<\/strong><br>Assistante Sociale : Mme A. DRUART<br><br><strong>Orientation Scolaire<\/strong><br>COP : Mme M. MOLES<br><br><strong>MLDS<\/strong> (Mission de Lutte contre le D\u00e9crochage Scolaire)<br>coordonnatrice : Mme N. JOULLIE-BRUNET<br><br><strong>Enseignement &#8211; Disciplines<\/strong><br><strong>Anglais<\/strong><br>Mme N. AYARI, Mme L. Belkacem, Mme N. MOULLA, Mme M. N&rsquo;DIAYE<br><br><strong>Arts Appliqu\u00e9s<\/strong><br>Mme M. Dilillo-boyer, Mme N. LOUNICI, M. C. DU PATYE<br><br><strong>C.D.I.<\/strong><br>Mme Y. Botrel<br><br><strong>Eb\u00e9nisterie<\/strong><br>Mr F. FLOQUET, Mr B. ROVRO, Mr S. RUSSO, Mr V. GROSJEAN<br><br><strong>Economie &#8211; Gestion<\/strong><br>Mr S. SAHMOUNE<br><br><strong>Electronique (SN-ARED)<\/strong><br>Mr L. MEKHALDI, Mr Y. LABCHIR, Mr A. BOUARRAMOU<br><br><strong>Electrotechnique (MELEC)<\/strong><br>Mr P. TOURDES, Mr A. BENSID, Mr F. DOUKAR, Mr H. GUEDJDAL, Mr M. HABCHI, Mme N. Khemessi<br><br><strong>E.P.S.<\/strong><br>Mme A. CRANEY, Mme A. GOVAERTS, Mr L. NICOLAS<br><br><strong>Fran\u00e7ais &#8211; Histoire &#8211; Geographie<\/strong><br>Mr L. BOUNAB, Mme A. CHEYNS, Mr L. DEHAK, Mr G. GERMAIN, M. T. Boumaiza<br>Mr M. ISIDORI<br><br><strong>G\u00e9nie M\u00e9canique Construction<\/strong><br>Mr K. EL MEKAOUI, Mr K. FATMI, Mr T. OUCHANI, Mr PP. PASBEAU<br><br><strong>G\u00e9nie industriel Menuiserie<\/strong><br>Mme S. AUGE, M. A. Coyette, M. B. Castro<br><br><br><strong>Maths &#8211; Sciences<\/strong><br>Mme M. ABOUN, Mr B. AGHA, Mme K. OTSMANE, Mr A. BOUARRAMOU,<br>Mme V. JACQUENOUD, Mme V. PURSON, Mme C. SCIANNAMEA , M. M. HAMDAOUI<br><br><strong>Motocycle<\/strong><br>Mr C. BAILLEUX (BTS), Mr D. SANGLEBOEUF (BTS)<br>Mr J. DELANNOY, M. W. Naegellen, Mr A. GHODSSI, Mr P. MORABITO, Mr F. SAFFAR, Mr M. ZELJKOVIC<br><br><strong>PSE<\/strong><br>Mme M-C. MONDONGUE, Mme S. MONTARON<\/p>\n","protected":false},"excerpt":{"rendered":"<p>DirectionProviseure : Mme M. AzranProviseure adjointe : Mme J. HAMARTSecr\u00e9tariat des proviseurs : Mme M-J HELDERAL IntendanceAgent Comptable- Lyc\u00e9e L\u00e9on BLUM \u00c3&nbsp; Cr\u00e9teil : Mr E. ANDREGestionnaire : M. P. VIONGestionnaire adjoint : M. M. LOZANO Enseignement ProfessionnelDDFPT : M. M. MEGLOULIDDFPT Adjoint : M. J-L. GARNIER Vie ScolaireCPE : M. A. ARBOUCHE . Mme &hellip; <a href=\"https:\/\/www.jbrel94.fr\/old\/lycee-equipes\/\" class=\"more-link\">Continuer la lecture de <span class=\"screen-reader-text\">Lyc\u00e9e : Equipes<\/span>  <span class=\"meta-nav\">&rarr;<\/span><\/a><\/p>\n","protected":false},"author":1,"featured_media":0,"parent":0,"menu_order":0,"comment_status":"closed","ping_status":"closed","template":"","meta":{"footnotes":""},"class_list":["post-58","page","type-page","status-publish","hentry"],"_links":{"self":[{"href":"https:\/\/www.jbrel94.fr\/old\/wp-json\/wp\/v2\/pages\/58","targetHints":{"allow":["GET"]}}],"collection":[{"href":"https:\/\/www.jbrel94.fr\/old\/wp-json\/wp\/v2\/pages"}],"about":[{"href":"https:\/\/www.jbrel94.fr\/old\/wp-json\/wp\/v2\/types\/page"}],"author":[{"embeddable":true,"href":"https:\/\/www.jbrel94.fr\/old\/wp-json\/wp\/v2\/users\/1"}],"replies":[{"embeddable":true,"href":"https:\/\/www.jbrel94.fr\/old\/wp-json\/wp\/v2\/comments?post=58"}],"version-history":[{"count":2,"href":"https:\/\/www.jbrel94.fr\/old\/wp-json\/wp\/v2\/pages\/58\/revisions"}],"predecessor-version":[{"id":246,"href":"https:\/\/www.jbrel94.fr\/old\/wp-json\/wp\/v2\/pages\/58\/revisions\/246"}],"wp:attachment":[{"href":"https:\/\/www.jbrel94.fr\/old\/wp-json\/wp\/v2\/media?parent=58"}],"curies":[{"name":"wp","href":"https:\/\/api.w.org\/{rel}","templated":true}]}}