{"id":61,"date":"2021-01-25T21:28:49","date_gmt":"2021-01-25T20:28:49","guid":{"rendered":"http:\/\/localhost\/jbrel94\/?page_id=61"},"modified":"2021-01-26T21:21:57","modified_gmt":"2021-01-26T20:21:57","slug":"vie-scolaire-vie-lyceenne","status":"publish","type":"page","link":"https:\/\/www.jbrel94.fr\/old\/vie-scolaire-vie-lyceenne\/","title":{"rendered":"Vie scolaire : Vie lyc\u00e9enne"},"content":{"rendered":"\n<h2 class=\"wp-block-heading\"><strong>Vie Lyc\u00e9enne &#8211; Maison des Lyc\u00e9ens<\/strong><\/h2>\n\n\n\n<hr class=\"wp-block-separator\"\/>\n\n\n\n<figure class=\"wp-block-table\"><table><tbody><tr><td>D\u00e9l\u00e9gu\u00e9 de classe: Chaque classe \u00e9lit 2 d\u00e9l\u00e9gu\u00e9s et 2 suppl\u00e9ants. Ils participent au conseil de classe. Tous les d\u00e9l\u00e9gu\u00e9s de classe sont r\u00e9unis en Assembl\u00e9e G\u00e9n\u00e9rale au moins deux fois par an. Une formation est organis\u00e9e en d\u00e9but d&rsquo;ann\u00e9e pour les aider \u00e0 remplir leurs nouvelles fonctions. Les \u00e9lus au CA (Conseil d&rsquo;Administration) :<br>Ce sont 4 \u00e9l\u00e8ves \u00e9lus au sein de l&rsquo;Assembl\u00e9e G\u00e9n\u00e9rale des d\u00e9l\u00e9gu\u00e9s + le Vice-Pr\u00e9sident du Conseil des d\u00e9l\u00e9gu\u00e9s pour la Vie Lyc\u00e9enne. Ces \u00e9l\u00e8ves si\u00e8gent : &#8211; au Conseil de Discipline, &#8211; \u00e0 la Commission Permanente, &#8211; au Comit\u00e9 d\u2019\u00e9ducation \u00e0 la Sant\u00e9 et \u00e0 la Citoyennet\u00e9.<\/td><\/tr><\/tbody><\/table><\/figure>\n\n\n\n<figure class=\"wp-block-table\"><table><tbody><tr><td>CVL &#8211; Conseil des d\u00e9l\u00e9gu\u00e9s pour la vie lyc\u00e9enne \u00a0 Le CVL est l&rsquo;organisation permettant aux lyc\u00e9ens d&rsquo;\u00eatre associ\u00e9s aux d\u00e9cisions de l&rsquo;\u00e9tablissement et de les repr\u00e9senter. \u00c9LECTIONS<strong> : d\u00e9but octobre, au foyer.<\/strong><br>Tout \u00e9l\u00e8ve peut s&rsquo;inscrire pour \u00eatre \u00e9lu comme membre du CVL : contacter les CPE.<br>R\u00e9unions : plusieurs r\u00e9unions ont lieu en cours d&rsquo;ann\u00e9e. <strong>Qu&rsquo;est-ce que le C.V.L. ?<\/strong><br>Le CVL, pr\u00e9sid\u00e9 par le chef d&rsquo;\u00e9tablissement et comportant un vice-pr\u00e9sident lyc\u00e9en, rassemble des repr\u00e9sentants des \u00e9l\u00e8ves, des personnels et des parents qui r\u00e9fl\u00e9chissent ensemble et formulent des propositions sur des sujets qui touchent \u00e0 votre vie quotidienne. Le CVL est le lieu o\u00f9 sont d\u00e9battues toutes les questions concr\u00e8tes qui traversent la vie de l&rsquo;\u00e9tablissement : r\u00e8glement int\u00e9rieur, soutien scolaire, orientation, organisation du temps scolaire, am\u00e9nagement des espaces, hygi\u00e8ne et s\u00e9curit\u00e9, vie associative ou encore utilisation des fonds lyc\u00e9ens&#8230; <strong>Les membres du CVL :<\/strong><br>10 lyc\u00e9ens y sont \u00e9lus pour deux ans, par l&rsquo;ensemble des \u00e9l\u00e8ves de l&rsquo;\u00e9tablissement, et renouvel\u00e9s par moiti\u00e9 tous les ans. Les \u00e9lus y repr\u00e9sentent les \u00e9l\u00e8ves de leur \u00e9tablissement. <strong>La vice-pr\u00e9sidence lyc\u00e9enne :<\/strong><br>Chaque ann\u00e9e, les repr\u00e9sentants lyc\u00e9ens du CVL \u00e9lisent parmi eux un repr\u00e9sentant titulaire et un suppl\u00e9ant au conseil d&rsquo;administration de l&rsquo;\u00e9tablissement. Le titulaire pr\u00e9sente les avis, propositions et compte-rendus de s\u00e9ance du CVL au conseil d&rsquo;administration (CA). Ils sont alors inscrits \u00e0 l&rsquo;ordre du jour et peuvent \u00eatre affich\u00e9s. Il assure aussi les fonctions de vice-pr\u00e9sident du CVL, au c\u00f4t\u00e9 du chef d&rsquo;\u00e9tablissement. <strong><em>En savoir plus :<\/em><\/strong><br><a rel=\"noreferrer noopener\" href=\"http:\/\/www.vie-lyceenne.education.fr\/\" target=\"_blank\">Vie lyc\u00e9enne<\/a><br><a rel=\"noreferrer noopener\" href=\"http:\/\/www.education.gouv.fr\/cid73077\/le-conseil-des-delegues-pour-la-vie-lyceenne.html\" target=\"_blank\">C.V.L.<\/a><br>Sur le C.V.L., le C.A.V.L. et le C.N.V.L. : \u00a0\u00bb Vie Lyc\u00e9enne\u00a0\u00bb, sur le <a rel=\"noreferrer noopener\" href=\"http:\/\/www.education.gouv.fr\/pid29865\/vie-lyceenne.html?feuilleCSS=firefox\" target=\"_blank\">site<\/a> du Minist\u00e8re de l\u2019\u00e9ducation Nationale.<br>Conseil d&rsquo;administration (CA) et Commission permanente.<br><br>Quelques exemples de points d\u00e9battus en C.V.L. : le tabagisme au lyc\u00e9e le r\u00e9gime des sorties le r\u00e9am\u00e9nagement du foyer des \u00e9l\u00e8ves en Maison des Lyc\u00e9ens. commission Cuisine&#8230; Maison des Lyc\u00e9ens \u00a0 La Maison des lyc\u00e9ens est ouverte de : 7h.45 \u00e0 17h.-18h., sauf aux r\u00e9cr\u00e9ations.<br><br>Acc\u00e8s : sur demande aupr\u00e8s des assistants d&rsquo;\u00e9ducation.<br><br>Le r\u00e8glement int\u00e9rieur du lyc\u00e9e s&rsquo;applique dans cet espace.<br>\u00c9lection des membres du bureau (parmi les adh\u00e9rents), d\u00e9but novembre.<br><br><strong>Activit\u00e9s :<\/strong> babyfoot, ping-pong : le pr\u00eat de raquettes et balles s&rsquo;effectue aupr\u00e8s des surveillants contre \u00e9change de la carte cantine ou pass-navigo. jeux de soci\u00e9t\u00e9 &#8230; Adh\u00e9sion &#8211; cotisation : 5 euros, au Bureau des CPE.<\/td><\/tr><\/tbody><\/table><\/figure>\n","protected":false},"excerpt":{"rendered":"<p>Vie Lyc\u00e9enne &#8211; Maison des Lyc\u00e9ens D\u00e9l\u00e9gu\u00e9 de classe: Chaque classe \u00e9lit 2 d\u00e9l\u00e9gu\u00e9s et 2 suppl\u00e9ants. Ils participent au conseil de classe. Tous les d\u00e9l\u00e9gu\u00e9s de classe sont r\u00e9unis en Assembl\u00e9e G\u00e9n\u00e9rale au moins deux fois par an. Une formation est organis\u00e9e en d\u00e9but d&rsquo;ann\u00e9e pour les aider \u00e0 remplir leurs nouvelles fonctions. Les &hellip; <a href=\"https:\/\/www.jbrel94.fr\/old\/vie-scolaire-vie-lyceenne\/\" class=\"more-link\">Continuer la lecture de <span class=\"screen-reader-text\">Vie scolaire : Vie lyc\u00e9enne<\/span>  <span class=\"meta-nav\">&rarr;<\/span><\/a><\/p>\n","protected":false},"author":1,"featured_media":0,"parent":0,"menu_order":0,"comment_status":"closed","ping_status":"closed","template":"","meta":{"footnotes":""},"class_list":["post-61","page","type-page","status-publish","hentry"],"_links":{"self":[{"href":"https:\/\/www.jbrel94.fr\/old\/wp-json\/wp\/v2\/pages\/61","targetHints":{"allow":["GET"]}}],"collection":[{"href":"https:\/\/www.jbrel94.fr\/old\/wp-json\/wp\/v2\/pages"}],"about":[{"href":"https:\/\/www.jbrel94.fr\/old\/wp-json\/wp\/v2\/types\/page"}],"author":[{"embeddable":true,"href":"https:\/\/www.jbrel94.fr\/old\/wp-json\/wp\/v2\/users\/1"}],"replies":[{"embeddable":true,"href":"https:\/\/www.jbrel94.fr\/old\/wp-json\/wp\/v2\/comments?post=61"}],"version-history":[{"count":3,"href":"https:\/\/www.jbrel94.fr\/old\/wp-json\/wp\/v2\/pages\/61\/revisions"}],"predecessor-version":[{"id":256,"href":"https:\/\/www.jbrel94.fr\/old\/wp-json\/wp\/v2\/pages\/61\/revisions\/256"}],"wp:attachment":[{"href":"https:\/\/www.jbrel94.fr\/old\/wp-json\/wp\/v2\/media?parent=61"}],"curies":[{"name":"wp","href":"https:\/\/api.w.org\/{rel}","templated":true}]}}