{"id":62,"date":"2021-01-25T21:28:49","date_gmt":"2021-01-25T20:28:49","guid":{"rendered":"http:\/\/localhost\/jbrel94\/?page_id=62"},"modified":"2021-01-26T21:25:00","modified_gmt":"2021-01-26T20:25:00","slug":"vie-scolaire-orientation","status":"publish","type":"page","link":"https:\/\/www.jbrel94.fr\/old\/vie-scolaire-orientation\/","title":{"rendered":"Vie scolaire : Orientation"},"content":{"rendered":"\n<h2 class=\"wp-block-heading\"><strong>Orientation scolaire<\/strong><\/h2>\n\n\n\n<hr class=\"wp-block-separator\"\/>\n\n\n\n<figure class=\"wp-block-table\"><table><tbody><tr><td><strong>Mme M. MOLES, Conseill\u00e8re d&rsquo;Orientation-Psychologue, vous accueille le LUNDI, de 13h45 \u00e0 17h00.<\/strong><br><br>Les rendez-vous sont \u00e0 prendre aupr\u00e8s des CPE : Mme A. CHIRLIAS ou M. Arbouche.<br>Le bureau de l&rsquo;orientation scolaire est situ\u00e9 au rez-de-chauss\u00e9e du b\u00e2timent &#8211; Vie scolaire CPE -, entr\u00e9e et couloir de gauche.<br>Pour la contacter : 01 48 82 99 48 (poste &#8230;..)<br><br>Vous pouvez \u00e9galement rencontrer la COP au C.I.O. de Choisy, le vendredi matin, de 9h00 \u00e0 12h30, sans rendez-vous.<br><br>Dans l&rsquo;\u00e9tablissement, sa mission consiste \u00e0 : recevoir les \u00e9l\u00e8ves et les familles en rendez-vous individuel ;<br>intervenir collectivement dans les classes ou lors des r\u00e9unions parents sur les poursuites d&rsquo;\u00e9tudes ;<br>conseiller et aider le professeur principal et l&rsquo;\u00e9l\u00e8ve et l&rsquo;\u00e9quipe \u00e9ducative dans sa t\u00e2che de suivi et d&rsquo;aide \u00e0 l&rsquo;orientation.<br>La COP aide \u00e0 l&rsquo;adaptation et la r\u00e9ussite scolaire de chaque \u00e9l\u00e8ve (analyse de la situation, recherche de solutions, \u00e9coute et suivi du jeune et de sa famille). Elle informe et accompagne l&rsquo;\u00e9l\u00e8ve dans l&rsquo;\u00e9laboration de son parcours de formation et d&rsquo;insertion.<br><br><strong>S&rsquo;informer sur :<br><\/strong> <strong>le site de l&rsquo;ONISEP<\/strong><br>Ce site permet : la Recherche libre et la Recherche Th\u00e9matique : un m\u00e9tier, une formation, un \u00e9tablissement, un lieu d&rsquo;information.<br>-Des Guides d&rsquo;orientation pour les niveaux de formation peuvent etre t\u00e9l\u00e9charg\u00e9s.<br>-Sur l&rsquo;Industrie<br>-Sur la voie professionnelle<br>-et la rubrique \u00ab\u00a0Que faire apr\u00e8s un bac pro ?<br>-Infos Ile-de-France\u00a0\u00bb<br><br>le CIDJ. Les centres de formation d&rsquo;apprentis CFA + d&rsquo;infos sur la rubrique \u00ab\u00a0Ressources > Infos Orientation\u00a0\u00bb.<br><a><br><\/a> Le <strong>C.I.O. de Choisy<\/strong> est ouvert du lundi au vendredi de 9h00 \u00e0 12h30 et de 13h30 \u00e0 17h00.<br>Le public y est accueilli sans rendez-vous par les conseill\u00e8res. L&rsquo;\u00e9tablissement est ouvert pendant les petites vacances scolaires.<br><br><a>Centre d&rsquo;Information et d&rsquo;Orientation<br><\/a> 5 avenue de la R\u00e9publique<br>94600 Choisy-le-Roi<br>t\u00e9l. : 01.48.52.30.18<br>CIO Val-de-Marne Le C.I.O. est un service de <strong>l\u2019\u00c9ducation<\/strong> nationale ouvert \u00e0 tout public d\u00e9sirant s&rsquo;informer sur les formations, le syst\u00e8me \u00e9ducatif et les m\u00e9tiers. Parents, jeunes scolaires ou \u00e9tudiants, adultes en projet de reconversion sont re\u00e7us en consultation documentaire ou en entretien individuel selon les besoins. Le C.I.O. accueille les jeunes sans affectation et participe, en collaboration avec les services de la DSDEN, \u00e0 une recherche de solution. Il peut aussi accueillir une classe et son enseignant dans le cadre d&rsquo;un projet de d\u00e9couverte du monde professionnel. C&rsquo;est aussi un lieu ressource pour les statistiques scolaires au niveau national, acad\u00e9mique, d\u00e9partemental, du bassin et du district. <br><br><strong> Mme M. MOLES<\/strong><br>T\u00e9l. LD : 01 48 92 99 53<br>Lyc\u00e9e professionnel Jacques Brel<br>90-100 avenue d&rsquo;Alfortville<br>94600 Choisy-Le-Roi<br>T\u00e9l.: 01 48 82 99 48<\/td><\/tr><\/tbody><\/table><\/figure>\n","protected":false},"excerpt":{"rendered":"<p>Orientation scolaire Mme M. MOLES, Conseill\u00e8re d&rsquo;Orientation-Psychologue, vous accueille le LUNDI, de 13h45 \u00e0 17h00. Les rendez-vous sont \u00e0 prendre aupr\u00e8s des CPE : Mme A. CHIRLIAS ou M. Arbouche.Le bureau de l&rsquo;orientation scolaire est situ\u00e9 au rez-de-chauss\u00e9e du b\u00e2timent &#8211; Vie scolaire CPE -, entr\u00e9e et couloir de gauche.Pour la contacter : 01 48 &hellip; <a href=\"https:\/\/www.jbrel94.fr\/old\/vie-scolaire-orientation\/\" class=\"more-link\">Continuer la lecture de <span class=\"screen-reader-text\">Vie scolaire : Orientation<\/span>  <span class=\"meta-nav\">&rarr;<\/span><\/a><\/p>\n","protected":false},"author":1,"featured_media":0,"parent":0,"menu_order":0,"comment_status":"closed","ping_status":"closed","template":"","meta":{"footnotes":""},"class_list":["post-62","page","type-page","status-publish","hentry"],"_links":{"self":[{"href":"https:\/\/www.jbrel94.fr\/old\/wp-json\/wp\/v2\/pages\/62","targetHints":{"allow":["GET"]}}],"collection":[{"href":"https:\/\/www.jbrel94.fr\/old\/wp-json\/wp\/v2\/pages"}],"about":[{"href":"https:\/\/www.jbrel94.fr\/old\/wp-json\/wp\/v2\/types\/page"}],"author":[{"embeddable":true,"href":"https:\/\/www.jbrel94.fr\/old\/wp-json\/wp\/v2\/users\/1"}],"replies":[{"embeddable":true,"href":"https:\/\/www.jbrel94.fr\/old\/wp-json\/wp\/v2\/comments?post=62"}],"version-history":[{"count":3,"href":"https:\/\/www.jbrel94.fr\/old\/wp-json\/wp\/v2\/pages\/62\/revisions"}],"predecessor-version":[{"id":258,"href":"https:\/\/www.jbrel94.fr\/old\/wp-json\/wp\/v2\/pages\/62\/revisions\/258"}],"wp:attachment":[{"href":"https:\/\/www.jbrel94.fr\/old\/wp-json\/wp\/v2\/media?parent=62"}],"curies":[{"name":"wp","href":"https:\/\/api.w.org\/{rel}","templated":true}]}}