{"id":63,"date":"2021-01-25T21:28:49","date_gmt":"2021-01-25T20:28:49","guid":{"rendered":"http:\/\/localhost\/jbrel94\/?page_id=63"},"modified":"2021-01-26T21:27:37","modified_gmt":"2021-01-26T20:27:37","slug":"vie-scolaire-sante-scolaire","status":"publish","type":"page","link":"https:\/\/www.jbrel94.fr\/old\/vie-scolaire-sante-scolaire\/","title":{"rendered":"Vie scolaire : Sant\u00e9 scolaire"},"content":{"rendered":"\n<hr class=\"wp-block-separator\"\/>\n\n\n\n<h3 class=\"wp-block-heading\"><img loading=\"lazy\" decoding=\"async\" width=\"64\" height=\"54\" src=\"http:\/\/www.jbrel94.fr\/images\/logo-infirmerie.jpg\" alt=\"Infirmerie\">&#8211; Mme S. FERROUK , l&rsquo;infirmi\u00e8re de votre lyc\u00e9e, vous accueille aux horaires suivants :<\/h3>\n\n\n\n<p><\/p>\n\n\n\n<p><strong>LUNDI, MARDI : 7H45-18H00, JEUDI : 8H00-18H00 et le VENDREDI : 8H00-18H00.<\/strong><\/p>\n\n\n\n<p><br>L&rsquo;infirmerie est situ\u00e9e au rez-de-chauss\u00e9e du b\u00e2timent &#8211; Ateliers -, entr\u00e9e et couloir de droite, secteur \u00c9b\u00e9nisterie.<br>En cas d&rsquo;absence, s&rsquo;adresser au bureau des CPE, \u00e0 la Vie scolaire.<br>Vous pouvez contacter l&rsquo;infirmerie au : 01 48 92 99 40 (poste 35 35), 01 48 92 99 53.<br>M\u00e9decin scolaire : Mme S. Irani (s&rsquo;adresser \u00e0 l&rsquo;infirmi\u00e8re).<br><br>Visite m\u00e9dicale obligatoire : pour les mineurs, dans le cadre des travaux r\u00e9glementaires, au 1er trimestre.<br><br><strong>Projet d&rsquo;actions en Sant\u00e9 scolaire :<\/strong><\/p>\n\n\n\n<ul class=\"wp-block-list\"><li>pr\u00e9vention \u00c9ducation \u00e0 la vie affective et amoureuse (th\u00e9\u00e2tre-forum-animations)<\/li><li>pr\u00e9vention contre les drogues<\/li><li>lutte contre toute forme de discrimination (homophobie)<\/li><li>partenariat avec des IFSI.<\/li><\/ul>\n\n\n\n<p><strong>Une des actions :<\/strong><br><img loading=\"lazy\" decoding=\"async\" src=\"http:\/\/www.jbrel94.fr\/images\/sante-sommeil-h300.jpg\" width=\"434\" height=\"300\"><strong>Locaux :<\/strong> salle d&rsquo;attente, salle de soins, chambre de repos, sanitaires.<br><br><strong>Missions des infirmi\u00e8res en milieu scolaire :<\/strong><br>L&rsquo;infirmi\u00e8re est tenue au secret professionnel. Faisant partie de l&rsquo;\u00e9quipe \u00e9ducative de l&rsquo;\u00e9tablissement, elle fait le lien avec l&rsquo;assistante sociale, le m\u00e9decin scolaire et les partenaires ext\u00e9rieurs de sant\u00e9. Les professeurs et l&rsquo;ensemble de la communaut\u00e9 \u00e9ducative peuvent faire appel \u00e0 elle, \u00e0 la demande, pour une visite infirmi\u00e8re ou m\u00e9dicale s&rsquo;ils ont connaissance d&rsquo;un probl\u00e8me de sant\u00e9 de l&rsquo;\u00e9l\u00e8ve. L&rsquo;infirmi\u00e8re propose des actions de pr\u00e9vention sant\u00e9 dans le cadre du <em>projet d&rsquo;\u00e9tablissement <\/em>permettant aux \u00e9l\u00e8ves d&rsquo;acqu\u00e9rir des comp\u00e9tences et des connaissances leur permettant de faire des choix en mati\u00e8re de sant\u00e9.<br><br><strong>Une mission relationnelle :<\/strong><\/p>\n\n\n\n<ul class=\"wp-block-list\"><li>accueil, \u00e9coute et conseil<\/li><li>suivi des \u00e9l\u00e8ves<\/li><li>relais avec diff\u00e9rents collaborateurs (m\u00e9decin, assistante sociale, psychologue)<\/li><li>m\u00e9diation en cas de probl\u00e8me.<\/li><\/ul>\n\n\n\n<p><strong>Une mission sanitaire :<\/strong><\/p>\n\n\n\n<ul class=\"wp-block-list\"><li>urgences<\/li><li>soins<\/li><li>gestion des m\u00e9dicaments<br><\/li><li><strong>Une mission \u00e9ducative :<\/strong><\/li><\/ul>\n\n\n\n<ul class=\"wp-block-list\"><li>\u00e9ducation \u00e0 la sant\u00e9 ;<\/li><li>enseignement du secourisme avec d\u00e9livrance du <a rel=\"noreferrer noopener\" href=\"http:\/\/www.secourisme-pratique.com\/pages\/format\/fiches\/psc1.htm\" target=\"_blank\">PSC 1<\/a> (Pr\u00e9vention et Secours Civiques de niveau 1).<br><\/li><li><strong>Une mission administrative :<\/strong><\/li><li>Un \u00e9l\u00e8ve pr\u00e9sentant un probl\u00e8me de sant\u00e9 ne peut d\u00e9cider seul ou avec ses parents de rentrer chez lui sans en r\u00e9f\u00e9rer \u00e0 l&rsquo;infirmi\u00e8re scolaire ou \u00e0 la conseill\u00e8re principale d&rsquo;\u00e9ducation (CPE).<\/li><li>Textes sur la<a rel=\"noreferrer noopener\" href=\"http:\/\/www.education.gouv.fr\/bo\/2006\/44\/MENE0602828N.htm\" target=\"_blank\"> fonction de l&rsquo;infirmi\u00e8re<\/a> dans l&rsquo;\u00e9ducation nationale.<\/li><li><strong>Secourisme, associations, dossiers th\u00e9matiques :<\/strong><a rel=\"noreferrer noopener\" href=\"http:\/\/www.secourisme-pratique.com\/pages\/metiers\/index.htm\" target=\"_blank\"> M\u00e9tiers dans le secourisme<\/a><\/li><li><a rel=\"noreferrer noopener\" href=\"http:\/\/www.secourisme-pratique.com\/pages\/assoc\/index.htm\" target=\"_blank\">Associations en France<\/a><\/li><li><a rel=\"noreferrer noopener\" href=\"http:\/\/www.secourisme-pratique.com\/pages\/dossiers\/index.htm\" target=\"_blank\">Divers dossiers-documentaires<\/a><\/li><\/ul>\n","protected":false},"excerpt":{"rendered":"<p>&#8211; Mme S. FERROUK , l&rsquo;infirmi\u00e8re de votre lyc\u00e9e, vous accueille aux horaires suivants : LUNDI, MARDI : 7H45-18H00, JEUDI : 8H00-18H00 et le VENDREDI : 8H00-18H00. L&rsquo;infirmerie est situ\u00e9e au rez-de-chauss\u00e9e du b\u00e2timent &#8211; Ateliers -, entr\u00e9e et couloir de droite, secteur \u00c9b\u00e9nisterie.En cas d&rsquo;absence, s&rsquo;adresser au bureau des CPE, \u00e0 la Vie scolaire.Vous &hellip; <a href=\"https:\/\/www.jbrel94.fr\/old\/vie-scolaire-sante-scolaire\/\" class=\"more-link\">Continuer la lecture de <span class=\"screen-reader-text\">Vie scolaire : Sant\u00e9 scolaire<\/span>  <span class=\"meta-nav\">&rarr;<\/span><\/a><\/p>\n","protected":false},"author":1,"featured_media":0,"parent":0,"menu_order":0,"comment_status":"closed","ping_status":"closed","template":"","meta":{"footnotes":""},"class_list":["post-63","page","type-page","status-publish","hentry"],"_links":{"self":[{"href":"https:\/\/www.jbrel94.fr\/old\/wp-json\/wp\/v2\/pages\/63","targetHints":{"allow":["GET"]}}],"collection":[{"href":"https:\/\/www.jbrel94.fr\/old\/wp-json\/wp\/v2\/pages"}],"about":[{"href":"https:\/\/www.jbrel94.fr\/old\/wp-json\/wp\/v2\/types\/page"}],"author":[{"embeddable":true,"href":"https:\/\/www.jbrel94.fr\/old\/wp-json\/wp\/v2\/users\/1"}],"replies":[{"embeddable":true,"href":"https:\/\/www.jbrel94.fr\/old\/wp-json\/wp\/v2\/comments?post=63"}],"version-history":[{"count":3,"href":"https:\/\/www.jbrel94.fr\/old\/wp-json\/wp\/v2\/pages\/63\/revisions"}],"predecessor-version":[{"id":260,"href":"https:\/\/www.jbrel94.fr\/old\/wp-json\/wp\/v2\/pages\/63\/revisions\/260"}],"wp:attachment":[{"href":"https:\/\/www.jbrel94.fr\/old\/wp-json\/wp\/v2\/media?parent=63"}],"curies":[{"name":"wp","href":"https:\/\/api.w.org\/{rel}","templated":true}]}}