{"id":64,"date":"2021-01-25T21:28:49","date_gmt":"2021-01-25T20:28:49","guid":{"rendered":"http:\/\/localhost\/jbrel94\/?page_id=64"},"modified":"2021-01-26T21:29:05","modified_gmt":"2021-01-26T20:29:05","slug":"vie-scolaire-clubs","status":"publish","type":"page","link":"https:\/\/www.jbrel94.fr\/old\/vie-scolaire-clubs\/","title":{"rendered":"Vie scolaire : Clubs"},"content":{"rendered":"\n<p><strong>CLUB CINEMA : Responsable :<\/strong> M. DEHAK<br><br><strong>Inscription :<\/strong> s&rsquo;adresser au responsable du club Cin\u00e9ma ou \u00e0 votre professeur principal.<br><br><strong>Activit\u00e9s :<\/strong><br>Les activit\u00e9s sont affich\u00e9es \u00e0 l&rsquo;accueil.<br><\/p>\n\n\n\n<hr class=\"wp-block-separator\"\/>\n\n\n\n<p><strong>ASSOCIATION SPORTIVE<\/strong><br>L&rsquo;association sportive (AS) est en fait le \u00a0\u00bb club sportif \u00a0\u00bb du lyc\u00e9e ! Elle est affili\u00e9e \u00e0 l&rsquo;Union Nationale du Sport Scolaire et tous les \u00e9l\u00e8ves qui participent sont volontaires et licenci\u00e9s.<br><br><strong>Responsable :<\/strong> Mme A. Craney &gt;<\/p>\n\n\n\n<p><strong>Inscription :<\/strong> s&rsquo;adresser au responsable ou \u00e0 votre professeur principal<br><br>Pour obtenir une licence \u00e0 l&rsquo;association sportive, il faudra fournir :<\/p>\n\n\n\n<ul class=\"wp-block-list\"><li>une autorisation parentale,<\/li><li>2 photos d&rsquo;identit\u00e9,<\/li><li>une cotisation de .. euros (en liquide ou en ch\u00e8que au nom de l&rsquo;association sportive du lyc\u00e9e).<\/li><\/ul>\n\n\n\n<p><em>Se renseigner aupr\u00e8s des profs d&rsquo;E.P.S. pour se licencier.<\/em><\/p>\n","protected":false},"excerpt":{"rendered":"<p>CLUB CINEMA : Responsable : M. DEHAK Inscription : s&rsquo;adresser au responsable du club Cin\u00e9ma ou \u00e0 votre professeur principal. Activit\u00e9s :Les activit\u00e9s sont affich\u00e9es \u00e0 l&rsquo;accueil. ASSOCIATION SPORTIVEL&rsquo;association sportive (AS) est en fait le \u00a0\u00bb club sportif \u00a0\u00bb du lyc\u00e9e ! Elle est affili\u00e9e \u00e0 l&rsquo;Union Nationale du Sport Scolaire et tous les \u00e9l\u00e8ves &hellip; <a href=\"https:\/\/www.jbrel94.fr\/old\/vie-scolaire-clubs\/\" class=\"more-link\">Continuer la lecture de <span class=\"screen-reader-text\">Vie scolaire : Clubs<\/span>  <span class=\"meta-nav\">&rarr;<\/span><\/a><\/p>\n","protected":false},"author":1,"featured_media":0,"parent":0,"menu_order":0,"comment_status":"closed","ping_status":"closed","template":"","meta":{"footnotes":""},"class_list":["post-64","page","type-page","status-publish","hentry"],"_links":{"self":[{"href":"https:\/\/www.jbrel94.fr\/old\/wp-json\/wp\/v2\/pages\/64","targetHints":{"allow":["GET"]}}],"collection":[{"href":"https:\/\/www.jbrel94.fr\/old\/wp-json\/wp\/v2\/pages"}],"about":[{"href":"https:\/\/www.jbrel94.fr\/old\/wp-json\/wp\/v2\/types\/page"}],"author":[{"embeddable":true,"href":"https:\/\/www.jbrel94.fr\/old\/wp-json\/wp\/v2\/users\/1"}],"replies":[{"embeddable":true,"href":"https:\/\/www.jbrel94.fr\/old\/wp-json\/wp\/v2\/comments?post=64"}],"version-history":[{"count":2,"href":"https:\/\/www.jbrel94.fr\/old\/wp-json\/wp\/v2\/pages\/64\/revisions"}],"predecessor-version":[{"id":261,"href":"https:\/\/www.jbrel94.fr\/old\/wp-json\/wp\/v2\/pages\/64\/revisions\/261"}],"wp:attachment":[{"href":"https:\/\/www.jbrel94.fr\/old\/wp-json\/wp\/v2\/media?parent=64"}],"curies":[{"name":"wp","href":"https:\/\/api.w.org\/{rel}","templated":true}]}}